{"id":2001,"date":"2021-02-18T15:17:03","date_gmt":"2021-02-18T15:17:03","guid":{"rendered":"https:\/\/www.collio.it\/?page_id=2001"},"modified":"2021-02-18T15:25:05","modified_gmt":"2021-02-18T15:25:05","slug":"die-werte-des-collio-gebiets","status":"publish","type":"page","link":"https:\/\/www.collio.it\/de\/die-werte-des-collio-gebiets\/","title":{"rendered":"Die Werte des Collio-Gebiets"},"content":{"rendered":"\r\n<figure class=\"wp-block-table\">\r\n<table>\r\n<tbody>\r\n<tr>\r\n<td><\/td>\r\n<\/tr>\r\n<\/tbody>\r\n<\/table>\r\nDer Collio ist ein komplexes Gebiet, mit faszinierenden Unebenheiten, die aufrichtigste Ausdrucksform der Aromen und Stimmungen seiner Weine und der Frauen und M\u00e4nner, die diese Weine mit Sorgfalt und Liebe produzieren und in der Lage sind, diese Komplexit\u00e4t auszubalancieren. Der angeborene Hang zur Harmonie zwischen verschiedenen Identit\u00e4ten, die seit Jahrhunderten nebeneinander und inmitten von kunstvoll angelegten Weinbergen, Kunst und unber\u00fchrter Natur bestehen, bleibt in den w\u00fcrzigen, k\u00f6rperreichen und duftenden Weinen von h\u00f6chster Qualit\u00e4t intakt: die Synthese des Collio-Universums in einem Glas.<\/figure>\r\n","protected":false},"excerpt":{"rendered":"<p>Der Collio ist ein komplexes Gebiet, mit faszinierenden Unebenheiten, die aufrichtigste Ausdrucksform der Aromen und Stimmungen seiner Weine und der Frauen und M\u00e4nner, die diese Weine mit Sorgfalt und Liebe produzieren und in der Lage sind, diese Komplexit\u00e4t auszubalancieren. Der angeborene Hang zur Harmonie zwischen verschiedenen Identit\u00e4ten, die seit Jahrhunderten nebeneinander und inmitten von kunstvoll [&hellip;]<\/p>\n","protected":false},"author":2,"featured_media":0,"parent":0,"menu_order":0,"comment_status":"closed","ping_status":"closed","template":"tpl-valori.php","meta":{"_acf_changed":false,"_exactmetrics_skip_tracking":false,"_exactmetrics_sitenote_active":false,"_exactmetrics_sitenote_note":"","_exactmetrics_sitenote_category":0,"footnotes":""},"class_list":["post-2001","page","type-page","status-publish","hentry"],"acf":[],"yoast_head":"<!-- This site is optimized with the Yoast SEO plugin v21.8.1 - https:\/\/yoast.com\/wordpress\/plugins\/seo\/ -->\n<title>Die Werte des Collio-Gebiets &#8226; Collio<\/title>\n<meta name=\"description\" content=\"Der Collio ist ein komplexes Gebiet, mit faszinierenden Unebenheiten, die aufrichtigste Ausdrucksform der Aromen und Stimmungen seiner Weine und der Frauen und M\u00e4nner, die diese Weine mit Sorgfalt und Liebe produzieren und in der Lage sind, diese Komplexit\u00e4t auszubalancieren. Der angeborene Hang zur Harmonie zwischen verschiedenen Identit\u00e4ten, die seit Jahrhunderten nebeneinander und inmitten von kunstvoll angelegten Weinbergen, Kunst und unber\u00fchrter Natur bestehen, bleibt in den w\u00fcrzigen, k\u00f6rperreichen und duftenden Weinen von h\u00f6chster Qualit\u00e4t intakt: die Synthese des Collio-Universums in einem Glas.\" \/>\n<meta name=\"robots\" content=\"index, follow, max-snippet:-1, max-image-preview:large, max-video-preview:-1\" \/>\n<link rel=\"canonical\" href=\"https:\/\/www.collio.it\/de\/die-werte-des-collio-gebiets\/\" \/>\n<meta property=\"og:locale\" content=\"de_DE\" \/>\n<meta property=\"og:type\" content=\"article\" \/>\n<meta property=\"og:title\" content=\"Die Werte des Collio-Gebiets &#8226; Collio\" \/>\n<meta property=\"og:description\" content=\"Der Collio ist ein komplexes Gebiet, mit faszinierenden Unebenheiten, die aufrichtigste Ausdrucksform der Aromen und Stimmungen seiner Weine und der Frauen und M\u00e4nner, die diese Weine mit Sorgfalt und Liebe produzieren und in der Lage sind, diese Komplexit\u00e4t auszubalancieren. Der angeborene Hang zur Harmonie zwischen verschiedenen Identit\u00e4ten, die seit Jahrhunderten nebeneinander und inmitten von kunstvoll angelegten Weinbergen, Kunst und unber\u00fchrter Natur bestehen, bleibt in den w\u00fcrzigen, k\u00f6rperreichen und duftenden Weinen von h\u00f6chster Qualit\u00e4t intakt: die Synthese des Collio-Universums in einem Glas.\" \/>\n<meta property=\"og:url\" content=\"https:\/\/www.collio.it\/de\/die-werte-des-collio-gebiets\/\" \/>\n<meta property=\"og:site_name\" content=\"Collio\" \/>\n<meta property=\"article:publisher\" content=\"https:\/\/www.facebook.com\/consorziocollio\/\" \/>\n<meta property=\"article:modified_time\" content=\"2021-02-18T15:25:05+00:00\" \/>\n<meta property=\"og:image\" content=\"https:\/\/www.collio.it\/wp-content\/uploads\/2018\/04\/enjoycollio.jpg\" \/>\n\t<meta property=\"og:image:width\" content=\"1200\" \/>\n\t<meta property=\"og:image:height\" content=\"630\" \/>\n\t<meta property=\"og:image:type\" content=\"image\/jpeg\" \/>\n<meta name=\"twitter:card\" content=\"summary_large_image\" \/>\n<meta name=\"twitter:site\" content=\"@blogcollio\" \/>\n<script type=\"application\/ld+json\" class=\"yoast-schema-graph\">{\"@context\":\"https:\/\/schema.org\",\"@graph\":[{\"@type\":\"WebPage\",\"@id\":\"https:\/\/www.collio.it\/de\/die-werte-des-collio-gebiets\/\",\"url\":\"https:\/\/www.collio.it\/de\/die-werte-des-collio-gebiets\/\",\"name\":\"Die Werte des Collio-Gebiets &#8226; Collio\",\"isPartOf\":{\"@id\":\"https:\/\/www.collio.it\/#website\"},\"datePublished\":\"2021-02-18T15:17:03+00:00\",\"dateModified\":\"2021-02-18T15:25:05+00:00\",\"description\":\"Der Collio ist ein komplexes Gebiet, mit faszinierenden Unebenheiten, die aufrichtigste Ausdrucksform der Aromen und Stimmungen seiner Weine und der Frauen und M\u00e4nner, die diese Weine mit Sorgfalt und Liebe produzieren und in der Lage sind, diese Komplexit\u00e4t auszubalancieren. Der angeborene Hang zur Harmonie zwischen verschiedenen Identit\u00e4ten, die seit Jahrhunderten nebeneinander und inmitten von kunstvoll angelegten Weinbergen, Kunst und unber\u00fchrter Natur bestehen, bleibt in den w\u00fcrzigen, k\u00f6rperreichen und duftenden Weinen von h\u00f6chster Qualit\u00e4t intakt: die Synthese des Collio-Universums in einem Glas.\",\"breadcrumb\":{\"@id\":\"https:\/\/www.collio.it\/de\/die-werte-des-collio-gebiets\/#breadcrumb\"},\"inLanguage\":\"de-DE\",\"potentialAction\":[{\"@type\":\"ReadAction\",\"target\":[\"https:\/\/www.collio.it\/de\/die-werte-des-collio-gebiets\/\"]}]},{\"@type\":\"BreadcrumbList\",\"@id\":\"https:\/\/www.collio.it\/de\/die-werte-des-collio-gebiets\/#breadcrumb\",\"itemListElement\":[{\"@type\":\"ListItem\",\"position\":1,\"name\":\"Home\",\"item\":\"https:\/\/www.collio.it\/de\/\"},{\"@type\":\"ListItem\",\"position\":2,\"name\":\"Die Werte des Collio-Gebiets\"}]},{\"@type\":\"WebSite\",\"@id\":\"https:\/\/www.collio.it\/#website\",\"url\":\"https:\/\/www.collio.it\/\",\"name\":\"Collio\",\"description\":\"\",\"potentialAction\":[{\"@type\":\"SearchAction\",\"target\":{\"@type\":\"EntryPoint\",\"urlTemplate\":\"https:\/\/www.collio.it\/?s={search_term_string}\"},\"query-input\":\"required name=search_term_string\"}],\"inLanguage\":\"de-DE\"}]}<\/script>\n<!-- \/ Yoast SEO plugin. -->","yoast_head_json":{"title":"Die Werte des Collio-Gebiets &#8226; Collio","description":"Der Collio ist ein komplexes Gebiet, mit faszinierenden Unebenheiten, die aufrichtigste Ausdrucksform der Aromen und Stimmungen seiner Weine und der Frauen und M\u00e4nner, die diese Weine mit Sorgfalt und Liebe produzieren und in der Lage sind, diese Komplexit\u00e4t auszubalancieren. Der angeborene Hang zur Harmonie zwischen verschiedenen Identit\u00e4ten, die seit Jahrhunderten nebeneinander und inmitten von kunstvoll angelegten Weinbergen, Kunst und unber\u00fchrter Natur bestehen, bleibt in den w\u00fcrzigen, k\u00f6rperreichen und duftenden Weinen von h\u00f6chster Qualit\u00e4t intakt: die Synthese des Collio-Universums in einem Glas.","robots":{"index":"index","follow":"follow","max-snippet":"max-snippet:-1","max-image-preview":"max-image-preview:large","max-video-preview":"max-video-preview:-1"},"canonical":"https:\/\/www.collio.it\/de\/die-werte-des-collio-gebiets\/","og_locale":"de_DE","og_type":"article","og_title":"Die Werte des Collio-Gebiets &#8226; Collio","og_description":"Der Collio ist ein komplexes Gebiet, mit faszinierenden Unebenheiten, die aufrichtigste Ausdrucksform der Aromen und Stimmungen seiner Weine und der Frauen und M\u00e4nner, die diese Weine mit Sorgfalt und Liebe produzieren und in der Lage sind, diese Komplexit\u00e4t auszubalancieren. Der angeborene Hang zur Harmonie zwischen verschiedenen Identit\u00e4ten, die seit Jahrhunderten nebeneinander und inmitten von kunstvoll angelegten Weinbergen, Kunst und unber\u00fchrter Natur bestehen, bleibt in den w\u00fcrzigen, k\u00f6rperreichen und duftenden Weinen von h\u00f6chster Qualit\u00e4t intakt: die Synthese des Collio-Universums in einem Glas.","og_url":"https:\/\/www.collio.it\/de\/die-werte-des-collio-gebiets\/","og_site_name":"Collio","article_publisher":"https:\/\/www.facebook.com\/consorziocollio\/","article_modified_time":"2021-02-18T15:25:05+00:00","og_image":[{"width":1200,"height":630,"url":"https:\/\/www.collio.it\/wp-content\/uploads\/2018\/04\/enjoycollio.jpg","type":"image\/jpeg"}],"twitter_card":"summary_large_image","twitter_site":"@blogcollio","schema":{"@context":"https:\/\/schema.org","@graph":[{"@type":"WebPage","@id":"https:\/\/www.collio.it\/de\/die-werte-des-collio-gebiets\/","url":"https:\/\/www.collio.it\/de\/die-werte-des-collio-gebiets\/","name":"Die Werte des Collio-Gebiets &#8226; Collio","isPartOf":{"@id":"https:\/\/www.collio.it\/#website"},"datePublished":"2021-02-18T15:17:03+00:00","dateModified":"2021-02-18T15:25:05+00:00","description":"Der Collio ist ein komplexes Gebiet, mit faszinierenden Unebenheiten, die aufrichtigste Ausdrucksform der Aromen und Stimmungen seiner Weine und der Frauen und M\u00e4nner, die diese Weine mit Sorgfalt und Liebe produzieren und in der Lage sind, diese Komplexit\u00e4t auszubalancieren. Der angeborene Hang zur Harmonie zwischen verschiedenen Identit\u00e4ten, die seit Jahrhunderten nebeneinander und inmitten von kunstvoll angelegten Weinbergen, Kunst und unber\u00fchrter Natur bestehen, bleibt in den w\u00fcrzigen, k\u00f6rperreichen und duftenden Weinen von h\u00f6chster Qualit\u00e4t intakt: die Synthese des Collio-Universums in einem Glas.","breadcrumb":{"@id":"https:\/\/www.collio.it\/de\/die-werte-des-collio-gebiets\/#breadcrumb"},"inLanguage":"de-DE","potentialAction":[{"@type":"ReadAction","target":["https:\/\/www.collio.it\/de\/die-werte-des-collio-gebiets\/"]}]},{"@type":"BreadcrumbList","@id":"https:\/\/www.collio.it\/de\/die-werte-des-collio-gebiets\/#breadcrumb","itemListElement":[{"@type":"ListItem","position":1,"name":"Home","item":"https:\/\/www.collio.it\/de\/"},{"@type":"ListItem","position":2,"name":"Die Werte des Collio-Gebiets"}]},{"@type":"WebSite","@id":"https:\/\/www.collio.it\/#website","url":"https:\/\/www.collio.it\/","name":"Collio","description":"","potentialAction":[{"@type":"SearchAction","target":{"@type":"EntryPoint","urlTemplate":"https:\/\/www.collio.it\/?s={search_term_string}"},"query-input":"required name=search_term_string"}],"inLanguage":"de-DE"}]}},"_links":{"self":[{"href":"https:\/\/www.collio.it\/de\/wp-json\/wp\/v2\/pages\/2001","targetHints":{"allow":["GET"]}}],"collection":[{"href":"https:\/\/www.collio.it\/de\/wp-json\/wp\/v2\/pages"}],"about":[{"href":"https:\/\/www.collio.it\/de\/wp-json\/wp\/v2\/types\/page"}],"author":[{"embeddable":true,"href":"https:\/\/www.collio.it\/de\/wp-json\/wp\/v2\/users\/2"}],"replies":[{"embeddable":true,"href":"https:\/\/www.collio.it\/de\/wp-json\/wp\/v2\/comments?post=2001"}],"version-history":[{"count":0,"href":"https:\/\/www.collio.it\/de\/wp-json\/wp\/v2\/pages\/2001\/revisions"}],"wp:attachment":[{"href":"https:\/\/www.collio.it\/de\/wp-json\/wp\/v2\/media?parent=2001"}],"curies":[{"name":"wp","href":"https:\/\/api.w.org\/{rel}","templated":true}]}}